{"id":81,"date":"2024-01-14T17:35:14","date_gmt":"2024-01-14T16:35:14","guid":{"rendered":"http:\/\/sdhhm.cz\/?page_id=81"},"modified":"2024-01-14T17:35:14","modified_gmt":"2024-01-14T16:35:14","slug":"ank-10-s2z","status":"publish","type":"page","link":"https:\/\/sdhhm.cz\/index.php\/ank-10-s2z\/","title":{"rendered":"ANK 10-S2Z"},"content":{"rendered":"\n<figure class=\"wp-block-image size-large\"><img loading=\"lazy\" decoding=\"async\" width=\"1024\" height=\"683\" src=\"https:\/\/sdhhm.cz\/wp-content\/uploads\/2024\/01\/IMG_1814-1024x683.jpg\" alt=\"\" class=\"wp-image-83\" srcset=\"https:\/\/sdhhm.cz\/wp-content\/uploads\/2024\/01\/IMG_1814-1024x683.jpg 1024w, https:\/\/sdhhm.cz\/wp-content\/uploads\/2024\/01\/IMG_1814-300x200.jpg 300w, https:\/\/sdhhm.cz\/wp-content\/uploads\/2024\/01\/IMG_1814-768x512.jpg 768w, https:\/\/sdhhm.cz\/wp-content\/uploads\/2024\/01\/IMG_1814-1536x1024.jpg 1536w, https:\/\/sdhhm.cz\/wp-content\/uploads\/2024\/01\/IMG_1814-2048x1365.jpg 2048w\" sizes=\"auto, (max-width: 1024px) 100vw, 1024px\" \/><\/figure>\n\n\n\n<p>Rok v\u00fdroby: 1986<\/p>\n\n\n\n<p>Za\u0159azen\u00ed u JSDH: 2016<\/p>\n\n\n\n<p>Z\u00e1kladn\u00ed parametry:<\/p>\n\n\n\n<p>Automobilov\u00fd nosi\u010d kontejner\u016f na podvozku Tatra 815 6\u00d72 s n\u00e1stavbou Meiller byla po\u0159\u00edzena z\u0159izovatelem jednotky M\u010c Praha 15 p\u0159evodem od HZS hl. m. Prahy v roce 2016.<\/p>\n\n\n\n<p>Podvozek:<\/p>\n\n\n\n<p>Motor m\u00e1 objem 15825 cm<sup>3<\/sup>\u00a0a v\u00fdkon 208 kW. V\u00fd\u0161ka vozidla je v b\u011b\u017en\u00e9m provozn\u00edm stavu 3,15 m, d\u00e9lka 8,8 m a \u0161\u00ed\u0159ka 2,55 m. Nejvy\u0161\u0161\u00ed p\u0159\u00edpustn\u00e1 hmotnost vozidla je 22 tun. Kabina je ur\u010dena pro dv\u011b osoby.<\/p>\n\n\n\n<p>N\u00e1stavba:<\/p>\n\n\n\n<p>Vozidlo je vybaveno h\u00e1kov\u00fdm nosi\u010dem kontejner\u016f s nosnost\u00ed 10 tun. Jednotka SDH M\u010c Prahy 15 disponuje jedn\u00edm valn\u00edkov\u00fdm kontejnerem pro p\u0159evoz materi\u00e1lu a dal\u0161\u00edmi 8 kontejnery s protipovod\u0148ov\u00fdmi z\u00e1branami pro pot\u0159eby z\u0159izovatele.<\/p>\n\n\n\n<figure class=\"wp-block-image size-large\"><img loading=\"lazy\" decoding=\"async\" width=\"1024\" height=\"768\" src=\"https:\/\/sdhhm.cz\/wp-content\/uploads\/2024\/01\/20231020_165010-1024x768.jpg\" alt=\"\" class=\"wp-image-82\" srcset=\"https:\/\/sdhhm.cz\/wp-content\/uploads\/2024\/01\/20231020_165010-1024x768.jpg 1024w, https:\/\/sdhhm.cz\/wp-content\/uploads\/2024\/01\/20231020_165010-300x225.jpg 300w, https:\/\/sdhhm.cz\/wp-content\/uploads\/2024\/01\/20231020_165010-768x576.jpg 768w, https:\/\/sdhhm.cz\/wp-content\/uploads\/2024\/01\/20231020_165010-1536x1152.jpg 1536w, https:\/\/sdhhm.cz\/wp-content\/uploads\/2024\/01\/20231020_165010-2048x1536.jpg 2048w\" sizes=\"auto, (max-width: 1024px) 100vw, 1024px\" \/><\/figure>\n\n\n\n<p><\/p>\n","protected":false},"excerpt":{"rendered":"<p>Rok v\u00fdroby: 1986 Za\u0159azen\u00ed u JSDH: 2016 Z\u00e1kladn\u00ed parametry: Automobilov\u00fd nosi\u010d kontejner\u016f na podvozku Tatra 815 6\u00d72 s n\u00e1stavbou Meiller byla po\u0159\u00edzena z\u0159izovatelem jednotky M\u010c Praha 15 p\u0159evodem od HZS hl. m. Prahy v roce 2016. Podvozek: Motor m\u00e1 objem 15825 cm3\u00a0a v\u00fdkon 208 kW. V\u00fd\u0161ka vozidla je v b\u011b\u017en\u00e9m provozn\u00edm stavu 3,15 m, d\u00e9lka [&hellip;]<\/p>\n","protected":false},"author":1,"featured_media":0,"parent":0,"menu_order":0,"comment_status":"closed","ping_status":"closed","template":"","meta":{"footnotes":""},"class_list":["post-81","page","type-page","status-publish","hentry"],"_links":{"self":[{"href":"https:\/\/sdhhm.cz\/index.php\/wp-json\/wp\/v2\/pages\/81","targetHints":{"allow":["GET"]}}],"collection":[{"href":"https:\/\/sdhhm.cz\/index.php\/wp-json\/wp\/v2\/pages"}],"about":[{"href":"https:\/\/sdhhm.cz\/index.php\/wp-json\/wp\/v2\/types\/page"}],"author":[{"embeddable":true,"href":"https:\/\/sdhhm.cz\/index.php\/wp-json\/wp\/v2\/users\/1"}],"replies":[{"embeddable":true,"href":"https:\/\/sdhhm.cz\/index.php\/wp-json\/wp\/v2\/comments?post=81"}],"version-history":[{"count":1,"href":"https:\/\/sdhhm.cz\/index.php\/wp-json\/wp\/v2\/pages\/81\/revisions"}],"predecessor-version":[{"id":84,"href":"https:\/\/sdhhm.cz\/index.php\/wp-json\/wp\/v2\/pages\/81\/revisions\/84"}],"wp:attachment":[{"href":"https:\/\/sdhhm.cz\/index.php\/wp-json\/wp\/v2\/media?parent=81"}],"curies":[{"name":"wp","href":"https:\/\/api.w.org\/{rel}","templated":true}]}}