{"id":71,"date":"2024-01-14T15:34:02","date_gmt":"2024-01-14T14:34:02","guid":{"rendered":"http:\/\/sdhhm.cz\/?page_id=71"},"modified":"2024-01-14T17:21:13","modified_gmt":"2024-01-14T16:21:13","slug":"ap-27-s2r","status":"publish","type":"page","link":"https:\/\/sdhhm.cz\/index.php\/ap-27-s2r\/","title":{"rendered":"AP 27-S2R"},"content":{"rendered":"\n<figure class=\"wp-block-image size-large\"><img loading=\"lazy\" decoding=\"async\" width=\"1024\" height=\"683\" src=\"https:\/\/sdhhm.cz\/wp-content\/uploads\/2024\/01\/IMG_1991-1024x683.jpg\" alt=\"\" class=\"wp-image-72\" srcset=\"https:\/\/sdhhm.cz\/wp-content\/uploads\/2024\/01\/IMG_1991-1024x683.jpg 1024w, https:\/\/sdhhm.cz\/wp-content\/uploads\/2024\/01\/IMG_1991-300x200.jpg 300w, https:\/\/sdhhm.cz\/wp-content\/uploads\/2024\/01\/IMG_1991-768x512.jpg 768w, https:\/\/sdhhm.cz\/wp-content\/uploads\/2024\/01\/IMG_1991-1536x1024.jpg 1536w, https:\/\/sdhhm.cz\/wp-content\/uploads\/2024\/01\/IMG_1991-2048x1365.jpg 2048w\" sizes=\"auto, (max-width: 1024px) 100vw, 1024px\" \/><\/figure>\n\n\n\n<p>Rok v\u00fdroby: 1979<\/p>\n\n\n\n<p>Za\u0159azen\u00ed u JSDH: 2004<\/p>\n\n\n\n<p>Z\u00e1kladn\u00ed parametry:<\/p>\n\n\n\n<p>Automobilov\u00e1 plo\u0161ina na podvozku Tatra 148 byla po\u0159\u00edzena p\u0159evodem od HZS hl. m. Prahy v roce 2004.<\/p>\n\n\n\n<p>Podvozek:<\/p>\n\n\n\n<p>Motor o objemu 12667 cm<sup>3<\/sup>\u00a0a v\u00fdkonu 157 kW. V\u00fd\u0161ka vozidla je v b\u011b\u017en\u00e9m provozn\u00edm stavu 3,59 m, d\u00e9lka 11,96 m a \u0161\u00ed\u0159ka 2,5 m. Nejvy\u0161\u0161\u00ed p\u0159\u00edpustn\u00e1 hmotnost vozidla je 21 tun. Kabina je ur\u010dena prot\u0159i osoby.<\/p>\n\n\n\n<p>N\u00e1stavba:<\/p>\n\n\n\n<p>N\u00e1stavba vozidla pro\u0161la v roce 2012 gener\u00e1ln\u00ed opravou a umo\u017e\u0148uje prov\u00e1d\u011bt v\u00edce pohyb\u016f ramene najednou.<\/p>\n\n\n\n<p>Pracovn\u00ed diagram:<\/p>\n\n\n\n<figure class=\"wp-block-image size-large\"><img loading=\"lazy\" decoding=\"async\" width=\"1024\" height=\"577\" src=\"https:\/\/sdhhm.cz\/wp-content\/uploads\/2024\/01\/PVP-diagram-1024x577.png\" alt=\"\" class=\"wp-image-76\" srcset=\"https:\/\/sdhhm.cz\/wp-content\/uploads\/2024\/01\/PVP-diagram-1024x577.png 1024w, https:\/\/sdhhm.cz\/wp-content\/uploads\/2024\/01\/PVP-diagram-300x169.png 300w, https:\/\/sdhhm.cz\/wp-content\/uploads\/2024\/01\/PVP-diagram-768x432.png 768w, https:\/\/sdhhm.cz\/wp-content\/uploads\/2024\/01\/PVP-diagram.png 1151w\" sizes=\"auto, (max-width: 1024px) 100vw, 1024px\" \/><\/figure>\n","protected":false},"excerpt":{"rendered":"<p>Rok v\u00fdroby: 1979 Za\u0159azen\u00ed u JSDH: 2004 Z\u00e1kladn\u00ed parametry: Automobilov\u00e1 plo\u0161ina na podvozku Tatra 148 byla po\u0159\u00edzena p\u0159evodem od HZS hl. m. Prahy v roce 2004. Podvozek: Motor o objemu 12667 cm3\u00a0a v\u00fdkonu 157 kW. V\u00fd\u0161ka vozidla je v b\u011b\u017en\u00e9m provozn\u00edm stavu 3,59 m, d\u00e9lka 11,96 m a \u0161\u00ed\u0159ka 2,5 m. Nejvy\u0161\u0161\u00ed p\u0159\u00edpustn\u00e1 hmotnost vozidla [&hellip;]<\/p>\n","protected":false},"author":1,"featured_media":0,"parent":0,"menu_order":0,"comment_status":"closed","ping_status":"closed","template":"","meta":{"footnotes":""},"class_list":["post-71","page","type-page","status-publish","hentry"],"_links":{"self":[{"href":"https:\/\/sdhhm.cz\/index.php\/wp-json\/wp\/v2\/pages\/71","targetHints":{"allow":["GET"]}}],"collection":[{"href":"https:\/\/sdhhm.cz\/index.php\/wp-json\/wp\/v2\/pages"}],"about":[{"href":"https:\/\/sdhhm.cz\/index.php\/wp-json\/wp\/v2\/types\/page"}],"author":[{"embeddable":true,"href":"https:\/\/sdhhm.cz\/index.php\/wp-json\/wp\/v2\/users\/1"}],"replies":[{"embeddable":true,"href":"https:\/\/sdhhm.cz\/index.php\/wp-json\/wp\/v2\/comments?post=71"}],"version-history":[{"count":5,"href":"https:\/\/sdhhm.cz\/index.php\/wp-json\/wp\/v2\/pages\/71\/revisions"}],"predecessor-version":[{"id":80,"href":"https:\/\/sdhhm.cz\/index.php\/wp-json\/wp\/v2\/pages\/71\/revisions\/80"}],"wp:attachment":[{"href":"https:\/\/sdhhm.cz\/index.php\/wp-json\/wp\/v2\/media?parent=71"}],"curies":[{"name":"wp","href":"https:\/\/api.w.org\/{rel}","templated":true}]}}